{"id":11,"date":"2018-09-14T19:48:56","date_gmt":"2018-09-14T16:48:56","guid":{"rendered":"http:\/\/www.tetinternational.com\/iletisim\/"},"modified":"2021-03-19T15:15:39","modified_gmt":"2021-03-19T14:15:39","slug":"iletisim","status":"publish","type":"page","link":"https:\/\/www.tetinternational.com\/en\/iletisim\/","title":{"rendered":"TET International D\u0131\u015f Ticaret ve Kimya Sanayi A.\u015e."},"content":{"rendered":"\n<h2><\/h2>\n","protected":false},"excerpt":{"rendered":"","protected":false},"author":1,"featured_media":0,"parent":0,"menu_order":0,"comment_status":"closed","ping_status":"closed","template":"pages\/page-contact.php","meta":{"_monsterinsights_skip_tracking":false,"_monsterinsights_sitenote_active":false,"_monsterinsights_sitenote_note":"","_monsterinsights_sitenote_category":0},"_links":{"self":[{"href":"https:\/\/www.tetinternational.com\/en\/wp-json\/wp\/v2\/pages\/11"}],"collection":[{"href":"https:\/\/www.tetinternational.com\/en\/wp-json\/wp\/v2\/pages"}],"about":[{"href":"https:\/\/www.tetinternational.com\/en\/wp-json\/wp\/v2\/types\/page"}],"author":[{"embeddable":true,"href":"https:\/\/www.tetinternational.com\/en\/wp-json\/wp\/v2\/users\/1"}],"replies":[{"embeddable":true,"href":"https:\/\/www.tetinternational.com\/en\/wp-json\/wp\/v2\/comments?post=11"}],"version-history":[{"count":4,"href":"https:\/\/www.tetinternational.com\/en\/wp-json\/wp\/v2\/pages\/11\/revisions"}],"predecessor-version":[{"id":574,"href":"https:\/\/www.tetinternational.com\/en\/wp-json\/wp\/v2\/pages\/11\/revisions\/574"}],"wp:attachment":[{"href":"https:\/\/www.tetinternational.com\/en\/wp-json\/wp\/v2\/media?parent=11"}],"curies":[{"name":"wp","href":"https:\/\/api.w.org\/{rel}","templated":true}]}}